{"id":415,"date":"2025-08-04T17:42:33","date_gmt":"2025-08-04T17:42:33","guid":{"rendered":"https:\/\/clrdt.fr\/?page_id=415"},"modified":"2025-11-09T21:00:32","modified_gmt":"2025-11-09T21:00:32","slug":"roadmap","status":"publish","type":"page","link":"https:\/\/clrdt.fr\/fr\/roadmap\/","title":{"rendered":"Roadmap"},"content":{"rendered":"<div data-elementor-type=\"wp-page\" data-elementor-id=\"415\" class=\"elementor elementor-415\" data-elementor-post-type=\"page\">\n\t\t\t\t<div class=\"elementor-element elementor-element-916eee2 e-con-full e-flex wpr-particle-no wpr-jarallax-no wpr-parallax-no wpr-sticky-section-no e-con e-parent\" data-id=\"916eee2\" data-element_type=\"container\">\n\t\t\t\t<div class=\"elementor-element elementor-element-2ac1cbb wpr-list-style-none elementor-widget elementor-widget-wpr-posts-timeline\" data-id=\"2ac1cbb\" data-element_type=\"widget\" data-settings=\"{&quot;animation_offset&quot;:150,&quot;aos_animation_duration&quot;:600}\" data-widget_type=\"wpr-posts-timeline.default\">\n\t\t\t\t\t\n\t\t<div class=\"wpr-wrapper wpr-vertical wpr-centered\">\n\t\t\t<div class=\"wpr-timeline-centered wpr-line wpr-both-sided-timeline\"><div class=\"wpr-middle-line\"><\/div><div class=\"wpr-timeline-fill\" data-layout=\"centered\"><\/div><span class=\"wpr-year-wrap\"><span class=\"wpr-year-label wpr-year\">2023<\/span><\/span><article class=\"wpr-timeline-entry wpr-left-aligned elementor-repeater-item-6389daa\" data-item-id=\"elementor-repeater-item-6389daa\"><time class=\"wpr-extra-label\" data-aos=\"fade\" data-aos-left=\"\" data-aos-right=\"\" data-animation-offset=\"150\" data-animation-duration=\"600\"><span class=\"wpr-label\">October 27, 2023<\/span><\/time><div class=\"wpr-timeline-entry-inner\"><div class=\"wpr-main-line-icon wpr-icon\"><\/div><div class=\"wpr-story-info-vertical wpr-data-wrap\"  data-aos=\"fade\" data-aos-left=\"\" data-aos-right=\"\" data-animation-offset=\"150\" data-animation-duration=\"600\"><div class=\"wpr-animation-wrap wpr-timeline-media\"><img fetchpriority=\"high\" decoding=\"async\" width=\"1920\" height=\"1080\" src=\"https:\/\/clrdt.fr\/wp-content\/uploads\/2025\/08\/Ninjas-scaled.webp\" class=\"attachment-full size-full\" alt=\"\" srcset=\"https:\/\/clrdt.fr\/wp-content\/uploads\/2025\/08\/Ninjas-scaled.webp 1920w, https:\/\/clrdt.fr\/wp-content\/uploads\/2025\/08\/Ninjas-300x169.webp 300w, https:\/\/clrdt.fr\/wp-content\/uploads\/2025\/08\/Ninjas-1024x576.webp 1024w, https:\/\/clrdt.fr\/wp-content\/uploads\/2025\/08\/Ninjas-768x432.webp 768w, https:\/\/clrdt.fr\/wp-content\/uploads\/2025\/08\/Ninjas-1536x864.webp 1536w\" sizes=\"(max-width: 1920px) 100vw, 1920px\" \/><\/div><div class=\"wpr-timeline-content-wrapper\"><div class=\"wpr-content-wrapper\"><p class=\"wpr-title-wrap\"><span class=\"wpr-title\">0.5.0<\/span><\/p><div class=\"wpr-description\"><p>Premi\u00e8re version publique<\/p><\/div><\/div><\/div><\/div>\n\t\t\t\t\t\t<\/div>\n\t\t\t\t<\/article><span class=\"wpr-year-wrap\"><span class=\"wpr-year-label wpr-year\">2024<\/span><\/span><article class=\"wpr-timeline-entry wpr-right-aligned elementor-repeater-item-1d8d29c\" data-item-id=\"elementor-repeater-item-1d8d29c\"><time class=\"wpr-extra-label\" data-aos=\"fade\" data-aos-left=\"\" data-aos-right=\"\" data-animation-offset=\"150\" data-animation-duration=\"600\"><span class=\"wpr-label\">Fabruary 28, 2024<\/span><\/time><div class=\"wpr-timeline-entry-inner\"><div class=\"wpr-main-line-icon wpr-icon\"><\/div><div class=\"wpr-story-info-vertical wpr-data-wrap\"  data-aos=\"fade\" data-aos-left=\"\" data-aos-right=\"\" data-animation-offset=\"150\" data-animation-duration=\"600\"><div class=\"wpr-animation-wrap wpr-timeline-media\"><img decoding=\"async\" width=\"1920\" height=\"1080\" data-src=\"https:\/\/clrdt.fr\/wp-content\/uploads\/2025\/08\/ulrich_virt_full_hd_skin.webp\" class=\"attachment-full size-full lazyload\" alt=\"\" data-srcset=\"https:\/\/clrdt.fr\/wp-content\/uploads\/2025\/08\/ulrich_virt_full_hd_skin.webp 1920w, https:\/\/clrdt.fr\/wp-content\/uploads\/2025\/08\/ulrich_virt_full_hd_skin-300x169.webp 300w, https:\/\/clrdt.fr\/wp-content\/uploads\/2025\/08\/ulrich_virt_full_hd_skin-1024x576.webp 1024w, https:\/\/clrdt.fr\/wp-content\/uploads\/2025\/08\/ulrich_virt_full_hd_skin-768x432.webp 768w, https:\/\/clrdt.fr\/wp-content\/uploads\/2025\/08\/ulrich_virt_full_hd_skin-1536x864.webp 1536w\" data-sizes=\"(max-width: 1920px) 100vw, 1920px\" src=\"data:image\/svg+xml;base64,PHN2ZyB3aWR0aD0iMSIgaGVpZ2h0PSIxIiB4bWxucz0iaHR0cDovL3d3dy53My5vcmcvMjAwMC9zdmciPjwvc3ZnPg==\" style=\"--smush-placeholder-width: 1920px; --smush-placeholder-aspect-ratio: 1920\/1080;\" \/><\/div><div class=\"wpr-timeline-content-wrapper\"><div class=\"wpr-content-wrapper\"><p class=\"wpr-title-wrap\"><span class=\"wpr-title\">0.5.2<\/span><\/p><div class=\"wpr-description\"><p>Spectre polymorphe, Rampant, optimisation globale du jeu<\/p><\/div><\/div><\/div><\/div>\n\t\t\t\t\t\t<\/div>\n\t\t\t\t<\/article><article class=\"wpr-timeline-entry wpr-left-aligned elementor-repeater-item-1721444\" data-item-id=\"elementor-repeater-item-1721444\"><time class=\"wpr-extra-label\" data-aos=\"fade\" data-aos-left=\"\" data-aos-right=\"\" data-animation-offset=\"150\" data-animation-duration=\"600\"><span class=\"wpr-label\">December 26, 2024<\/span><\/time><div class=\"wpr-timeline-entry-inner\"><div class=\"wpr-main-line-icon wpr-icon\"><\/div><div class=\"wpr-story-info-vertical wpr-data-wrap\"  data-aos=\"fade\" data-aos-left=\"\" data-aos-right=\"\" data-animation-offset=\"150\" data-animation-duration=\"600\"><div class=\"wpr-animation-wrap wpr-timeline-media\"><img decoding=\"async\" width=\"1920\" height=\"1080\" data-src=\"https:\/\/clrdt.fr\/wp-content\/uploads\/2025\/08\/cover054-scaled.webp\" class=\"attachment-full size-full lazyload\" alt=\"\" data-srcset=\"https:\/\/clrdt.fr\/wp-content\/uploads\/2025\/08\/cover054-scaled.webp 1920w, https:\/\/clrdt.fr\/wp-content\/uploads\/2025\/08\/cover054-300x169.webp 300w, https:\/\/clrdt.fr\/wp-content\/uploads\/2025\/08\/cover054-1024x576.webp 1024w, https:\/\/clrdt.fr\/wp-content\/uploads\/2025\/08\/cover054-768x432.jpg 768w, https:\/\/clrdt.fr\/wp-content\/uploads\/2025\/08\/cover054-1536x864.jpg 1536w, https:\/\/clrdt.fr\/wp-content\/uploads\/2025\/08\/cover054-2048x1152.jpg 2048w\" data-sizes=\"(max-width: 1920px) 100vw, 1920px\" src=\"data:image\/svg+xml;base64,PHN2ZyB3aWR0aD0iMSIgaGVpZ2h0PSIxIiB4bWxucz0iaHR0cDovL3d3dy53My5vcmcvMjAwMC9zdmciPjwvc3ZnPg==\" style=\"--smush-placeholder-width: 1920px; --smush-placeholder-aspect-ratio: 1920\/1080;\" \/><\/div><div class=\"wpr-timeline-content-wrapper\"><div class=\"wpr-content-wrapper\"><p class=\"wpr-title-wrap\"><span class=\"wpr-title\">0.5.4<\/span><\/p><div class=\"wpr-description\"><p>M\u00e9gatank, Fr\u00f4lion, collaboration avec Code Lyoko Aftermath : monstres cr\u00e9\u00e9s par Rocket Punk<\/p><p>Refonte compl\u00e8te des syst\u00e8mes de jeu pour une exp\u00e9rience plus agr\u00e9able<\/p><\/div><\/div><\/div><\/div>\n\t\t\t\t\t\t<\/div>\n\t\t\t\t<\/article><article class=\"wpr-timeline-entry wpr-right-aligned elementor-repeater-item-99b24f2\" data-item-id=\"elementor-repeater-item-99b24f2\"><time class=\"wpr-extra-label\" data-aos=\"fade\" data-aos-left=\"\" data-aos-right=\"\" data-animation-offset=\"150\" data-animation-duration=\"600\"><span class=\"wpr-label\">October 27, 2025<\/span><\/time><div class=\"wpr-timeline-entry-inner\"><div class=\"wpr-main-line-icon wpr-icon\"><\/div><div class=\"wpr-story-info-vertical wpr-data-wrap\"  data-aos=\"fade\" data-aos-left=\"\" data-aos-right=\"\" data-animation-offset=\"150\" data-animation-duration=\"600\"><div class=\"wpr-animation-wrap wpr-timeline-media\"><img decoding=\"async\" width=\"2560\" height=\"1240\" data-src=\"https:\/\/clrdt.fr\/wp-content\/uploads\/2025\/08\/splash056-final-scaled.jpg\" class=\"attachment-full size-full lazyload\" alt=\"\" data-srcset=\"https:\/\/clrdt.fr\/wp-content\/uploads\/2025\/08\/splash056-final-scaled.jpg 2560w, https:\/\/clrdt.fr\/wp-content\/uploads\/2025\/08\/splash056-final-300x145.jpg 300w, https:\/\/clrdt.fr\/wp-content\/uploads\/2025\/08\/splash056-final-1024x496.jpg 1024w, https:\/\/clrdt.fr\/wp-content\/uploads\/2025\/08\/splash056-final-768x372.jpg 768w, https:\/\/clrdt.fr\/wp-content\/uploads\/2025\/08\/splash056-final-1536x744.jpg 1536w, https:\/\/clrdt.fr\/wp-content\/uploads\/2025\/08\/splash056-final-2048x992.jpg 2048w\" data-sizes=\"(max-width: 2560px) 100vw, 2560px\" src=\"data:image\/svg+xml;base64,PHN2ZyB3aWR0aD0iMSIgaGVpZ2h0PSIxIiB4bWxucz0iaHR0cDovL3d3dy53My5vcmcvMjAwMC9zdmciPjwvc3ZnPg==\" style=\"--smush-placeholder-width: 2560px; --smush-placeholder-aspect-ratio: 2560\/1240;\" \/><\/div><div class=\"wpr-timeline-content-wrapper\"><div class=\"wpr-content-wrapper\"><p class=\"wpr-title-wrap\"><span class=\"wpr-title\">0.5.6<\/span><\/p><div class=\"wpr-description\"><p>Mode d\u00e9fi - Saison 1 : extrait du 5e territoire, premiers skins non-canons, m\u00e9duse (uniquement en mode d\u00e9fi)<\/p><\/div><\/div><\/div><\/div>\n\t\t\t\t\t\t<\/div>\n\t\t\t\t<\/article><\/div>    \n\t\t\t<\/div>\t\t\t\t<\/div>\n\t\t<div class=\"elementor-element elementor-element-1cec1b6 e-con-full e-flex wpr-particle-no wpr-jarallax-no wpr-parallax-no wpr-sticky-section-no e-con e-child\" data-id=\"1cec1b6\" data-element_type=\"container\">\n\t\t\t\t<div class=\"elementor-element elementor-element-f3586c9 elementor-widget elementor-widget-heading\" data-id=\"f3586c9\" data-element_type=\"widget\" data-widget_type=\"heading.default\">\n\t\t\t\t\t<h2 class=\"elementor-heading-title elementor-size-default\">Version finale<\/h2>\t\t\t\t<\/div>\n\t\t\t\t<div class=\"elementor-element elementor-element-84d8d6a elementor-widget elementor-widget-heading\" data-id=\"84d8d6a\" data-element_type=\"widget\" data-widget_type=\"heading.default\">\n\t\t\t\t\t<h2 class=\"elementor-heading-title elementor-size-default\">v1.0.0<\/h2>\t\t\t\t<\/div>\n\t\t\t\t<div class=\"elementor-element elementor-element-a51afef elementor-widget-mobile__width-initial elementor-widget elementor-widget-text-editor\" data-id=\"a51afef\" data-element_type=\"widget\" data-widget_type=\"text-editor.default\">\n\t\t\t\t\t\t\t\t\t<p>-Mode histoire<br \/>-Monde r\u00e9el<br \/>-Sector 5<br \/>-Cortex<br \/>-Mer num\u00e9rique<br \/>-R\u00e9plikas<br \/>-Multijoueur local<br \/>-Multijoueur en ligne<br \/>-Nouvelles qu\u00eates<br \/>-Nouveaux \u00e9v\u00e9nements<br \/>-Nouvelles tenues<br \/>-Am\u00e9liorations graphiques<br \/>-Am\u00e9liorations de gameplay<\/p>\t\t\t\t\t\t\t\t<\/div>\n\t\t\t\t<\/div>\n\t\t\t\t<\/div>\n\t\t\t\t<\/div>","protected":false},"excerpt":{"rendered":"<p>2023 October 27, 2023 0.5.0 First public release 2024 Fabruary 28, 2024 0.5.2 Polymorphic specter, the Creeper, massive performance optimization December 26, 2024 0.5.4 -Megatank, Hornets, Collaboration with Code Lyoko Aftermath: monsters created by Rocket Punk -Complete rework of the game systems for a smoother, more user-friendly experience October 27, 2025 0.5.6 Challenge mode &#8211; Season 1 : Sector 5 snippet, first non-canon outfits, and scyphozoa (not available in free mode) Final release v1.0.0 -Story mode-Real world-Sector 5-Cortex-Digital Sea-Replikas-Local multiplayer-Online multiplayer-New quests-New events-New outfits-Visual enhancements-Gameplay enhancements<\/p>","protected":false},"author":1,"featured_media":0,"parent":0,"menu_order":0,"comment_status":"closed","ping_status":"closed","template":"","meta":{"footnotes":""},"class_list":["post-415","page","type-page","status-publish","hentry"],"yoast_head":"<!-- This site is optimized with the Yoast SEO plugin v25.6 - https:\/\/yoast.com\/wordpress\/plugins\/seo\/ -->\n<title>Roadmap - clrdt<\/title>\n<meta name=\"robots\" content=\"index, follow, max-snippet:-1, max-image-preview:large, max-video-preview:-1\" \/>\n<link rel=\"canonical\" href=\"https:\/\/clrdt.fr\/fr\/roadmap\/\" \/>\n<meta property=\"og:locale\" content=\"fr_FR\" \/>\n<meta property=\"og:type\" content=\"article\" \/>\n<meta property=\"og:title\" content=\"Roadmap - clrdt\" \/>\n<meta property=\"og:description\" content=\"2023 October 27, 2023 0.5.0 First public release 2024 Fabruary 28, 2024 0.5.2 Polymorphic specter, the Creeper, massive performance optimization December 26, 2024 0.5.4 -Megatank, Hornets, Collaboration with Code Lyoko Aftermath: monsters created by Rocket Punk -Complete rework of the game systems for a smoother, more user-friendly experience October 27, 2025 0.5.6 Challenge mode &#8211; Season 1 : Sector 5 snippet, first non-canon outfits, and scyphozoa (not available in free mode) Final release v1.0.0 -Story mode-Real world-Sector 5-Cortex-Digital Sea-Replikas-Local multiplayer-Online multiplayer-New quests-New events-New outfits-Visual enhancements-Gameplay enhancements\" \/>\n<meta property=\"og:url\" content=\"https:\/\/clrdt.fr\/fr\/roadmap\/\" \/>\n<meta property=\"og:site_name\" content=\"clrdt\" \/>\n<meta property=\"article:modified_time\" content=\"2025-11-09T21:00:32+00:00\" \/>\n<meta property=\"og:image\" content=\"https:\/\/clrdt.fr\/wp-content\/uploads\/2025\/08\/Ninjas-scaled.webp\" \/>\n<meta name=\"twitter:card\" content=\"summary_large_image\" \/>\n<meta name=\"twitter:label1\" content=\"Dur\u00e9e de lecture estim\u00e9e\" \/>\n\t<meta name=\"twitter:data1\" content=\"2 minutes\" \/>\n<script type=\"application\/ld+json\" class=\"yoast-schema-graph\">{\"@context\":\"https:\/\/schema.org\",\"@graph\":[{\"@type\":\"WebPage\",\"@id\":\"https:\/\/clrdt.fr\/roadmap\/\",\"url\":\"https:\/\/clrdt.fr\/roadmap\/\",\"name\":\"Roadmap - clrdt\",\"isPartOf\":{\"@id\":\"https:\/\/clrdt.fr\/#website\"},\"primaryImageOfPage\":{\"@id\":\"https:\/\/clrdt.fr\/roadmap\/#primaryimage\"},\"image\":{\"@id\":\"https:\/\/clrdt.fr\/roadmap\/#primaryimage\"},\"thumbnailUrl\":\"https:\/\/clrdt.fr\/wp-content\/uploads\/2025\/08\/Ninjas-scaled.webp\",\"datePublished\":\"2025-08-04T17:42:33+00:00\",\"dateModified\":\"2025-11-09T21:00:32+00:00\",\"breadcrumb\":{\"@id\":\"https:\/\/clrdt.fr\/roadmap\/#breadcrumb\"},\"inLanguage\":\"fr-FR\",\"potentialAction\":[{\"@type\":\"ReadAction\",\"target\":[\"https:\/\/clrdt.fr\/roadmap\/\"]}]},{\"@type\":\"ImageObject\",\"inLanguage\":\"fr-FR\",\"@id\":\"https:\/\/clrdt.fr\/roadmap\/#primaryimage\",\"url\":\"https:\/\/clrdt.fr\/wp-content\/uploads\/2025\/08\/Ninjas-scaled.webp\",\"contentUrl\":\"https:\/\/clrdt.fr\/wp-content\/uploads\/2025\/08\/Ninjas-scaled.webp\"},{\"@type\":\"BreadcrumbList\",\"@id\":\"https:\/\/clrdt.fr\/roadmap\/#breadcrumb\",\"itemListElement\":[{\"@type\":\"ListItem\",\"position\":1,\"name\":\"Home\",\"item\":\"https:\/\/clrdt.fr\/\"},{\"@type\":\"ListItem\",\"position\":2,\"name\":\"Roadmap\"}]},{\"@type\":\"WebSite\",\"@id\":\"https:\/\/clrdt.fr\/#website\",\"url\":\"https:\/\/clrdt.fr\/\",\"name\":\"clrdt.fr\",\"description\":\"\",\"publisher\":{\"@id\":\"https:\/\/clrdt.fr\/#organization\"},\"potentialAction\":[{\"@type\":\"SearchAction\",\"target\":{\"@type\":\"EntryPoint\",\"urlTemplate\":\"https:\/\/clrdt.fr\/?s={search_term_string}\"},\"query-input\":{\"@type\":\"PropertyValueSpecification\",\"valueRequired\":true,\"valueName\":\"search_term_string\"}}],\"inLanguage\":\"fr-FR\"},{\"@type\":\"Organization\",\"@id\":\"https:\/\/clrdt.fr\/#organization\",\"name\":\"clrdt.fr\",\"url\":\"https:\/\/clrdt.fr\/\",\"logo\":{\"@type\":\"ImageObject\",\"inLanguage\":\"fr-FR\",\"@id\":\"https:\/\/clrdt.fr\/#\/schema\/logo\/image\/\",\"url\":\"https:\/\/clrdt.fr\/wp-content\/uploads\/2025\/08\/logo056-1024x1024.png\",\"contentUrl\":\"https:\/\/clrdt.fr\/wp-content\/uploads\/2025\/08\/logo056-1024x1024.png\",\"width\":1024,\"height\":1024,\"caption\":\"clrdt.fr\"},\"image\":{\"@id\":\"https:\/\/clrdt.fr\/#\/schema\/logo\/image\/\"}}]}<\/script>\n<!-- \/ Yoast SEO plugin. -->","yoast_head_json":{"title":"Roadmap - clrdt","robots":{"index":"index","follow":"follow","max-snippet":"max-snippet:-1","max-image-preview":"max-image-preview:large","max-video-preview":"max-video-preview:-1"},"canonical":"https:\/\/clrdt.fr\/fr\/roadmap\/","og_locale":"fr_FR","og_type":"article","og_title":"Roadmap - clrdt","og_description":"2023 October 27, 2023 0.5.0 First public release 2024 Fabruary 28, 2024 0.5.2 Polymorphic specter, the Creeper, massive performance optimization December 26, 2024 0.5.4 -Megatank, Hornets, Collaboration with Code Lyoko Aftermath: monsters created by Rocket Punk -Complete rework of the game systems for a smoother, more user-friendly experience October 27, 2025 0.5.6 Challenge mode &#8211; Season 1 : Sector 5 snippet, first non-canon outfits, and scyphozoa (not available in free mode) Final release v1.0.0 -Story mode-Real world-Sector 5-Cortex-Digital Sea-Replikas-Local multiplayer-Online multiplayer-New quests-New events-New outfits-Visual enhancements-Gameplay enhancements","og_url":"https:\/\/clrdt.fr\/fr\/roadmap\/","og_site_name":"clrdt","article_modified_time":"2025-11-09T21:00:32+00:00","og_image":[{"url":"https:\/\/clrdt.fr\/wp-content\/uploads\/2025\/08\/Ninjas-scaled.webp","type":"","width":"","height":""}],"twitter_card":"summary_large_image","twitter_misc":{"Dur\u00e9e de lecture estim\u00e9e":"2 minutes"},"schema":{"@context":"https:\/\/schema.org","@graph":[{"@type":"WebPage","@id":"https:\/\/clrdt.fr\/roadmap\/","url":"https:\/\/clrdt.fr\/roadmap\/","name":"Roadmap - clrdt","isPartOf":{"@id":"https:\/\/clrdt.fr\/#website"},"primaryImageOfPage":{"@id":"https:\/\/clrdt.fr\/roadmap\/#primaryimage"},"image":{"@id":"https:\/\/clrdt.fr\/roadmap\/#primaryimage"},"thumbnailUrl":"https:\/\/clrdt.fr\/wp-content\/uploads\/2025\/08\/Ninjas-scaled.webp","datePublished":"2025-08-04T17:42:33+00:00","dateModified":"2025-11-09T21:00:32+00:00","breadcrumb":{"@id":"https:\/\/clrdt.fr\/roadmap\/#breadcrumb"},"inLanguage":"fr-FR","potentialAction":[{"@type":"ReadAction","target":["https:\/\/clrdt.fr\/roadmap\/"]}]},{"@type":"ImageObject","inLanguage":"fr-FR","@id":"https:\/\/clrdt.fr\/roadmap\/#primaryimage","url":"https:\/\/clrdt.fr\/wp-content\/uploads\/2025\/08\/Ninjas-scaled.webp","contentUrl":"https:\/\/clrdt.fr\/wp-content\/uploads\/2025\/08\/Ninjas-scaled.webp"},{"@type":"BreadcrumbList","@id":"https:\/\/clrdt.fr\/roadmap\/#breadcrumb","itemListElement":[{"@type":"ListItem","position":1,"name":"Home","item":"https:\/\/clrdt.fr\/"},{"@type":"ListItem","position":2,"name":"Roadmap"}]},{"@type":"WebSite","@id":"https:\/\/clrdt.fr\/#website","url":"https:\/\/clrdt.fr\/","name":"clrdt.fr","description":"","publisher":{"@id":"https:\/\/clrdt.fr\/#organization"},"potentialAction":[{"@type":"SearchAction","target":{"@type":"EntryPoint","urlTemplate":"https:\/\/clrdt.fr\/?s={search_term_string}"},"query-input":{"@type":"PropertyValueSpecification","valueRequired":true,"valueName":"search_term_string"}}],"inLanguage":"fr-FR"},{"@type":"Organization","@id":"https:\/\/clrdt.fr\/#organization","name":"clrdt.fr","url":"https:\/\/clrdt.fr\/","logo":{"@type":"ImageObject","inLanguage":"fr-FR","@id":"https:\/\/clrdt.fr\/#\/schema\/logo\/image\/","url":"https:\/\/clrdt.fr\/wp-content\/uploads\/2025\/08\/logo056-1024x1024.png","contentUrl":"https:\/\/clrdt.fr\/wp-content\/uploads\/2025\/08\/logo056-1024x1024.png","width":1024,"height":1024,"caption":"clrdt.fr"},"image":{"@id":"https:\/\/clrdt.fr\/#\/schema\/logo\/image\/"}}]}},"acf":[],"_links":{"self":[{"href":"https:\/\/clrdt.fr\/fr\/wp-json\/wp\/v2\/pages\/415","targetHints":{"allow":["GET"]}}],"collection":[{"href":"https:\/\/clrdt.fr\/fr\/wp-json\/wp\/v2\/pages"}],"about":[{"href":"https:\/\/clrdt.fr\/fr\/wp-json\/wp\/v2\/types\/page"}],"author":[{"embeddable":true,"href":"https:\/\/clrdt.fr\/fr\/wp-json\/wp\/v2\/users\/1"}],"replies":[{"embeddable":true,"href":"https:\/\/clrdt.fr\/fr\/wp-json\/wp\/v2\/comments?post=415"}],"version-history":[{"count":0,"href":"https:\/\/clrdt.fr\/fr\/wp-json\/wp\/v2\/pages\/415\/revisions"}],"wp:attachment":[{"href":"https:\/\/clrdt.fr\/fr\/wp-json\/wp\/v2\/media?parent=415"}],"curies":[{"name":"wp","href":"https:\/\/api.w.org\/{rel}","templated":true}]}}